{"id":213,"date":"2023-12-02T23:19:38","date_gmt":"2023-12-03T06:19:38","guid":{"rendered":"https:\/\/drgustavoberrospe.com.mx\/?post_type=product&#038;p=213"},"modified":"2026-03-03T10:39:37","modified_gmt":"2026-03-03T17:39:37","slug":"cirugia-de-amigdalas-y-adenoides","status":"publish","type":"product","link":"https:\/\/drgustavoberrospe.com.mx\/index.php\/producto\/cirugia-de-amigdalas-y-adenoides\/","title":{"rendered":"Cirug\u00eda de amigdalas y adenoides"},"content":{"rendered":"<div id=\"collapse-doctor-service-1239939\" class=\"ml-2 collapse show\" data-id=\"collapse-doctor-service-1239939\" data-test-id=\"profile-pricing-list-details\">\n<p class=\"m-0 text-muted\" data-test-id=\"profile-pricing-element-description\">\u00bfTienes infecci\u00f3n de amigdalas y adenoides? Te ayudo a removerlas.<\/p>\n<p class=\"m-0 text-muted\" data-test-id=\"profile-pricing-element-description\"><strong>Como aclaraci\u00f3n:<\/strong><\/p>\n<ol>\n<li data-test-id=\"profile-pricing-element-description\">El precio se\u00f1alado es un aproximado ya que se requiere valorar al paciente con anticipaci\u00f3n.<\/li>\n<li data-test-id=\"profile-pricing-element-description\">Los costos en pacientes pedi\u00e1tricos es menor (cont\u00e1ctame para m\u00e1s informaci\u00f3n).<\/li>\n<li class=\"m-0 text-muted\" data-test-id=\"profile-pricing-element-description\">No se incluyen gastos de hospital ya que los precios var\u00edan de acuerdo a cada establecimiento m\u00e9dico.<\/li>\n<\/ol>\n<\/div>\n","protected":false},"excerpt":{"rendered":"<p>\u00bfTienes infecci\u00f3n de amigdalas y adenoides? Te ayudo a removerlas (no se incluyen gastos de hospital).<\/p>\n","protected":false},"featured_media":214,"comment_status":"closed","ping_status":"closed","template":"","meta":{"om_disable_all_campaigns":false,"_monsterinsights_skip_tracking":false,"_monsterinsights_sitenote_active":false,"_monsterinsights_sitenote_note":"","_monsterinsights_sitenote_category":0,"_uf_show_specific_survey":0,"_uf_disable_surveys":false},"product_brand":[],"product_cat":[28],"product_tag":[32],"class_list":{"0":"post-213","1":"product","2":"type-product","3":"status-publish","4":"has-post-thumbnail","6":"product_cat-garganta","7":"product_tag-garganta","9":"first","10":"instock","11":"shipping-taxable","12":"product-type-external"},"aioseo_notices":[],"jetpack_sharing_enabled":true,"_links":{"self":[{"href":"https:\/\/drgustavoberrospe.com.mx\/index.php\/wp-json\/wp\/v2\/product\/213","targetHints":{"allow":["GET"]}}],"collection":[{"href":"https:\/\/drgustavoberrospe.com.mx\/index.php\/wp-json\/wp\/v2\/product"}],"about":[{"href":"https:\/\/drgustavoberrospe.com.mx\/index.php\/wp-json\/wp\/v2\/types\/product"}],"replies":[{"embeddable":true,"href":"https:\/\/drgustavoberrospe.com.mx\/index.php\/wp-json\/wp\/v2\/comments?post=213"}],"wp:featuredmedia":[{"embeddable":true,"href":"https:\/\/drgustavoberrospe.com.mx\/index.php\/wp-json\/wp\/v2\/media\/214"}],"wp:attachment":[{"href":"https:\/\/drgustavoberrospe.com.mx\/index.php\/wp-json\/wp\/v2\/media?parent=213"}],"wp:term":[{"taxonomy":"product_brand","embeddable":true,"href":"https:\/\/drgustavoberrospe.com.mx\/index.php\/wp-json\/wp\/v2\/product_brand?post=213"},{"taxonomy":"product_cat","embeddable":true,"href":"https:\/\/drgustavoberrospe.com.mx\/index.php\/wp-json\/wp\/v2\/product_cat?post=213"},{"taxonomy":"product_tag","embeddable":true,"href":"https:\/\/drgustavoberrospe.com.mx\/index.php\/wp-json\/wp\/v2\/product_tag?post=213"}],"curies":[{"name":"wp","href":"https:\/\/api.w.org\/{rel}","templated":true}]}}