{"id":166,"date":"2023-12-02T21:48:53","date_gmt":"2023-12-03T04:48:53","guid":{"rendered":"https:\/\/drgustavoberrospe.com.mx\/?post_type=product&#038;p=166"},"modified":"2026-03-13T01:40:09","modified_gmt":"2026-03-13T08:40:09","slug":"lavado-de-oidos","status":"publish","type":"product","link":"https:\/\/drgustavoberrospe.com.mx\/index.php\/producto\/lavado-de-oidos\/","title":{"rendered":"Limpieza de o\u00eddos"},"content":{"rendered":"<p>\u00a1Dile adi\u00f3s a los lavados! La limpieza de oido es con instrumental y aspiracion gentil en seco.<\/p>\n<p>Opta por un m\u00e9todo m\u00e1s seguro, y evita un lavado de o\u00eddo que solo incrementar\u00e1 el riesgo de infecci\u00f3n y molestia o causar perforaci\u00f3n de tu membrana timp\u00e1nica.<\/p>\n","protected":false},"excerpt":{"rendered":"<p>Limpieza de o\u00eddo con intrumental y aspiraci\u00f3n gentil.<\/p>\n","protected":false},"featured_media":181,"comment_status":"closed","ping_status":"closed","template":"","meta":{"om_disable_all_campaigns":false,"_monsterinsights_skip_tracking":false,"_monsterinsights_sitenote_active":false,"_monsterinsights_sitenote_note":"","_monsterinsights_sitenote_category":0,"_uf_show_specific_survey":0,"_uf_disable_surveys":false},"product_brand":[],"product_cat":[26,24],"product_tag":[30],"class_list":{"0":"post-166","1":"product","2":"type-product","3":"status-publish","4":"has-post-thumbnail","6":"product_cat-oido","7":"product_cat-visita-otorrinolaringologia","8":"product_tag-oido","10":"first","11":"instock","12":"shipping-taxable","13":"product-type-external"},"aioseo_notices":[],"jetpack_sharing_enabled":true,"_links":{"self":[{"href":"https:\/\/drgustavoberrospe.com.mx\/index.php\/wp-json\/wp\/v2\/product\/166","targetHints":{"allow":["GET"]}}],"collection":[{"href":"https:\/\/drgustavoberrospe.com.mx\/index.php\/wp-json\/wp\/v2\/product"}],"about":[{"href":"https:\/\/drgustavoberrospe.com.mx\/index.php\/wp-json\/wp\/v2\/types\/product"}],"replies":[{"embeddable":true,"href":"https:\/\/drgustavoberrospe.com.mx\/index.php\/wp-json\/wp\/v2\/comments?post=166"}],"wp:featuredmedia":[{"embeddable":true,"href":"https:\/\/drgustavoberrospe.com.mx\/index.php\/wp-json\/wp\/v2\/media\/181"}],"wp:attachment":[{"href":"https:\/\/drgustavoberrospe.com.mx\/index.php\/wp-json\/wp\/v2\/media?parent=166"}],"wp:term":[{"taxonomy":"product_brand","embeddable":true,"href":"https:\/\/drgustavoberrospe.com.mx\/index.php\/wp-json\/wp\/v2\/product_brand?post=166"},{"taxonomy":"product_cat","embeddable":true,"href":"https:\/\/drgustavoberrospe.com.mx\/index.php\/wp-json\/wp\/v2\/product_cat?post=166"},{"taxonomy":"product_tag","embeddable":true,"href":"https:\/\/drgustavoberrospe.com.mx\/index.php\/wp-json\/wp\/v2\/product_tag?post=166"}],"curies":[{"name":"wp","href":"https:\/\/api.w.org\/{rel}","templated":true}]}}